{"id":377,"date":"2020-07-22T10:33:15","date_gmt":"2020-07-22T10:33:15","guid":{"rendered":"http:\/\/peik.hu\/demo\/?page_id=377"},"modified":"2022-02-16T20:47:04","modified_gmt":"2022-02-16T20:47:04","slug":"projektjeink","status":"publish","type":"page","link":"https:\/\/peik.hu\/en\/projektjeink\/","title":{"rendered":"Projects"},"content":{"rendered":"<div data-colibri-id=\"377-c1\" class=\"style-424 style-local-377-c1 position-relative\">\n  <!---->\n  <div data-colibri-component=\"section\" data-colibri-id=\"377-c2\" id=\"projektjeink\" class=\"h-section h-section-global-spacing d-flex align-items-lg-center align-items-md-center align-items-center style-425 style-local-377-c2 position-relative\">\n    <!---->\n    <!---->\n    <div class=\"h-section-grid-container h-section-boxed-container\">\n      <!---->\n      <div data-colibri-id=\"377-c3\" class=\"h-row-container gutters-row-lg-2 gutters-row-md-2 gutters-row-0 gutters-row-v-lg-2 gutters-row-v-md-2 gutters-row-v-2 style-453 style-local-377-c3 position-relative\">\n        <!---->\n        <div class=\"h-row justify-content-lg-center justify-content-md-center justify-content-center align-items-lg-stretch align-items-md-stretch align-items-stretch gutters-col-lg-2 gutters-col-md-2 gutters-col-0 gutters-col-v-lg-2 gutters-col-v-md-2 gutters-col-v-2\">\n          <!---->\n          <div class=\"h-column h-column-container d-flex h-col-lg-auto h-col-md-auto h-col-auto style-454-outer style-local-377-c4-outer\">\n            <div data-colibri-id=\"377-c4\" class=\"d-flex h-flex-basis h-column__inner h-px-lg-2 h-px-md-2 h-px-2 v-inner-lg-2 v-inner-md-2 v-inner-2 style-454 style-local-377-c4 position-relative\">\n              <!---->\n              <!---->\n              <div class=\"w-100 h-y-container h-column__content h-column__v-align flex-basis-100 align-self-lg-start align-self-md-start align-self-start\">\n                <!---->\n                <div data-colibri-id=\"377-c5\" class=\"h-global-transition-all h-heading style-456 style-local-377-c5 position-relative h-element\">\n                  <!---->\n                  <div class=\"h-heading__outer style-456 style-local-377-c5\">\n                    <!---->\n                    <!---->\n                    <h1 class=\"\">Projects<\/h1>\n                  <\/div>\n                <\/div>\n              <\/div>\n            <\/div>\n          <\/div>\n        <\/div>\n      <\/div>\n      <div data-colibri-id=\"377-c6\" class=\"h-row-container gutters-row-lg-2 gutters-row-md-2 gutters-row-2 gutters-row-v-lg-2 gutters-row-v-md-2 gutters-row-v-2 style-426 style-local-377-c6 position-relative\">\n        <!---->\n        <div class=\"h-row justify-content-lg-center justify-content-md-center justify-content-center align-items-lg-stretch align-items-md-stretch align-items-stretch gutters-col-lg-2 gutters-col-md-2 gutters-col-2 gutters-col-v-lg-2 gutters-col-v-md-2 gutters-col-v-2\">\n          <!---->\n          <div class=\"h-column h-column-container d-flex h-col-lg-auto h-col-md-auto h-col-auto style-427-outer style-local-377-c7-outer\">\n            <div data-colibri-id=\"377-c7\" class=\"d-flex h-flex-basis h-column__inner h-px-lg-2 h-px-md-2 h-px-2 v-inner-lg-2 v-inner-md-2 v-inner-2 style-427 style-local-377-c7 position-relative\">\n              <!---->\n              <!---->\n              <div class=\"w-100 h-y-container h-column__content h-column__v-align flex-basis-100 align-self-lg-center align-self-md-center align-self-center\">\n                <!---->\n                <div data-colibri-id=\"377-c8\" class=\"h-global-transition-all h-heading style-429 style-local-377-c8 position-relative h-element\">\n                  <!---->\n                  <div class=\"h-heading__outer style-429 style-local-377-c8\">\n                    <!---->\n                    <!---->\n                    <h2 class=\"\">The Health Industry Innovation Center of P\u00e9cs Ltd.\n                      <br>GINOP-1.3.2-15-2018-00036 tender<\/h2>\n                  <\/div>\n                <\/div>\n                <div data-colibri-id=\"377-c9\" class=\"h-lead h-text h-text-component style-430 style-local-377-c9 position-relative h-element\">\n                  <!---->\n                  <!---->\n                  <div class=\"\">\n                    <p>&#8222;\u00daj Nemzed\u00e9k&#8221; &#8211; A Biotechnol\u00f3gia Innov\u00e1ci\u00f3s B\u00e1zis Klaszter meger\u0151s\u00edt\u00e9se, nemzetk\u00f6zi piaci lehet\u0151s\u00e9geinek meg\u00faj\u00edt\u00e1sa\n                      <br>\n                    <\/p>\n                  <\/div>\n                <\/div>\n              <\/div>\n            <\/div>\n          <\/div>\n          <div class=\"h-column h-column-container d-flex h-col-lg-auto h-col-md-auto h-col-auto style-433-outer style-local-377-c10-outer\">\n            <div data-colibri-id=\"377-c10\" class=\"d-flex h-flex-basis h-column__inner h-px-lg-2 h-px-md-2 h-px-2 v-inner-lg-2 v-inner-md-2 v-inner-2 style-433 style-local-377-c10 position-relative\">\n              <!---->\n              <!---->\n              <div class=\"w-100 h-y-container h-column__content h-column__v-align flex-basis-100 align-self-lg-center align-self-md-center align-self-center\">\n                <!---->\n                <div data-colibri-id=\"377-c11\" class=\"d-block style-434 style-local-377-c11 position-relative h-element\">\n                  <!---->\n                  <div class=\"h-image__frame-container-outer\">\n                    <div class=\"h-image__frame-container\">\n                      <!---->\n                      <!---->\n                      <img loading=\"lazy\" width=\"2560\" height=\"1702\" src=\"http:\/\/peik.hu\/wp-content\/uploads\/2020\/07\/DSC_0018-scaled.jpg\" class=\"wp-image-613 style-434-image style-local-377-c11-image\" srcset=\"https:\/\/peik.hu\/wp-content\/uploads\/2020\/07\/DSC_0018-scaled.jpg 2560w, https:\/\/peik.hu\/wp-content\/uploads\/2020\/07\/DSC_0018-300x199.jpg 300w, https:\/\/peik.hu\/wp-content\/uploads\/2020\/07\/DSC_0018-1024x681.jpg 1024w, https:\/\/peik.hu\/wp-content\/uploads\/2020\/07\/DSC_0018-768x511.jpg 768w, https:\/\/peik.hu\/wp-content\/uploads\/2020\/07\/DSC_0018-1536x1021.jpg 1536w, https:\/\/peik.hu\/wp-content\/uploads\/2020\/07\/DSC_0018-2048x1362.jpg 2048w\" sizes=\"(max-width: 2560px) 100vw, 2560px\" alt=\"\" \/>\n                      <div class=\"h-image__frame h-hide-sm style-434-frameImage style-local-377-c11-frameImage\"><\/div>\n                    <\/div>\n                  <\/div>\n                <\/div>\n              <\/div>\n            <\/div>\n          <\/div>\n        <\/div>\n      <\/div>\n      <div data-colibri-id=\"377-c12\" class=\"h-row-container gutters-row-lg-2 gutters-row-md-2 gutters-row-0 gutters-row-v-lg-2 gutters-row-v-md-2 gutters-row-v-2 style-449 style-local-377-c12 position-relative\">\n        <!---->\n        <div class=\"h-row justify-content-lg-center justify-content-md-center justify-content-center align-items-lg-stretch align-items-md-stretch align-items-stretch gutters-col-lg-2 gutters-col-md-2 gutters-col-0 gutters-col-v-lg-2 gutters-col-v-md-2 gutters-col-v-2\">\n          <!---->\n          <div class=\"h-column h-column-container d-flex h-col-lg-auto h-col-md-auto h-col-auto style-450-outer style-local-377-c13-outer\">\n            <div data-colibri-id=\"377-c13\" class=\"d-flex h-flex-basis h-column__inner h-px-lg-2 h-px-md-2 h-px-2 v-inner-lg-2 v-inner-md-2 v-inner-2 style-450 style-local-377-c13 position-relative\">\n              <!---->\n              <!---->\n              <div class=\"w-100 h-y-container h-column__content h-column__v-align flex-basis-100 align-self-lg-start align-self-md-start align-self-start\">\n                <!---->\n                <div data-colibri-id=\"377-c14\" class=\"h-lead h-text h-text-component style-452 style-local-377-c14 position-relative h-element\">\n                  <!---->\n                  <!---->\n                  <div class=\"\">\n                    <p><span style=\"font-size: 12pt;\">Present tender of the Health Industry Innovation Center of P\u00e9cs Ltd. (hungarian name: P\u00e9csi Eg\u00e9szs\u00e9gipari Innov\u00e1ci\u00f3s K\u00f6zpont Zrt. in the folowing in short: PEIK Zrt.) has been developed in accordance with the needs of the member companies of the BIB cluster, taking into account the tender conditions of GINOP-1.3.2-2015. <br>Our main goal is to create international visibility and ensure a stronger market presence for our member companies. Determining aspect was to increase the small laboratorys production efficiency which can produce IVDs, to introduce internationally the products which manifactured on the new platform, and to increase their marketability and the utilization of the laboratory for cluster members research activity. <br><br>A p\u00e1ly\u00e1zat \u00f6ssze\u00e1ll\u00edt\u00e1s\u00e1nak metodik\u00e1ja az ig\u00e9nyek felm\u00e9r\u00e9s\u00e9n alapult \u00e9s meghat\u00e1rozt\u00e1k a menedzser szervezet tapasztalatai is. Az ig\u00e9nyfelm\u00e9r\u00e9s szem\u00e9lyes tal\u00e1lkoz\u00f3kon, megbesz\u00e9l\u00e9seken t\u00f6rt\u00e9nt, a realit\u00e1sok talaj\u00e1n maradva. A p\u00e1ly\u00e1zat kialak\u00edt\u00e1s\u00e1n\u00e1l figyelembe vett\u00fck a lehet\u0151s\u00e9gek k\u00f6lts\u00e9ghat\u00e9kony felhaszn\u00e1l\u00e1s\u00e1t. Fontos szempont volt a klaszter tev\u00e9kenys\u00e9g\u00e9nek intenz\u00edvebb\u00e9 t\u00e9tele, k\u00f6z\u00f6s tev\u00e9kenys\u00e9gek, egy\u00fcttm\u0171k\u00f6d\u00e9sek lehet\u0151s\u00e9geinek megteremt\u00e9se. <br><br>At the P\u00e9cs Innovation Center, there is an ongoing grouping of electric engineer, designer and constructor companies who made an electricity cluster initiative which can make the work of our cluster more visible and even more economical.<\/span>\n                      <br>\n                      <br><span style=\"font-weight: 300; font-size: 16px; font-family: &quot;Open Sans&quot;; color: rgb(37, 41, 42);\">The project was implemented by 12 November 2021 with a grant amount of HUF 49,984,283 and an intensity of 68.43%.<\/span>\n                      <br>\n                    <\/p>\n                  <\/div>\n                <\/div>\n              <\/div>\n            <\/div>\n          <\/div>\n        <\/div>\n      <\/div>\n      <div data-colibri-id=\"377-c15\" class=\"h-row-container gutters-row-lg-2 gutters-row-md-2 gutters-row-0 gutters-row-v-lg-2 gutters-row-v-md-2 gutters-row-v-2 style-595 style-local-377-c15 position-relative\">\n        <!---->\n        <div class=\"h-row justify-content-lg-center justify-content-md-center justify-content-center align-items-lg-stretch align-items-md-stretch align-items-stretch gutters-col-lg-2 gutters-col-md-2 gutters-col-0 gutters-col-v-lg-2 gutters-col-v-md-2 gutters-col-v-2\">\n          <!---->\n          <div class=\"h-column h-column-container d-flex h-col-lg-auto h-col-md-auto h-col-auto style-596-outer style-local-377-c16-outer\">\n            <div data-colibri-id=\"377-c16\" class=\"d-flex h-flex-basis h-column__inner h-px-lg-2 h-px-md-2 h-px-2 v-inner-lg-2 v-inner-md-2 v-inner-2 style-596 style-local-377-c16 position-relative\">\n              <!---->\n              <!---->\n              <div class=\"w-100 h-y-container h-column__content h-column__v-align flex-basis-100 align-self-lg-start align-self-md-start align-self-start\">\n                <!---->\n                <div data-colibri-id=\"377-c17\" class=\"d-block style-594 style-local-377-c17 position-relative h-element\">\n                  <!---->\n                  <div class=\"h-image__frame-container-outer\">\n                    <div class=\"h-image__frame-container\">\n                      <!---->\n                      <!---->\n                      <img loading=\"lazy\" width=\"1442\" height=\"2117\" src=\"http:\/\/peik.hu\/wp-content\/uploads\/2020\/07\/cropped-taglista-2-1.png\" class=\"wp-image-726 style-594-image style-local-377-c17-image\" srcset=\"https:\/\/peik.hu\/wp-content\/uploads\/2020\/07\/cropped-taglista-2-1.png 1442w, https:\/\/peik.hu\/wp-content\/uploads\/2020\/07\/cropped-taglista-2-1-204x300.png 204w, https:\/\/peik.hu\/wp-content\/uploads\/2020\/07\/cropped-taglista-2-1-698x1024.png 698w, https:\/\/peik.hu\/wp-content\/uploads\/2020\/07\/cropped-taglista-2-1-768x1128.png 768w, https:\/\/peik.hu\/wp-content\/uploads\/2020\/07\/cropped-taglista-2-1-1046x1536.png 1046w, https:\/\/peik.hu\/wp-content\/uploads\/2020\/07\/cropped-taglista-2-1-1395x2048.png 1395w\" sizes=\"(max-width: 1442px) 100vw, 1442px\" alt=\"\" \/>\n                      <div class=\"h-image__frame h-hide-lg h-hide-md h-hide-sm style-594-frameImage style-local-377-c17-frameImage\"><\/div>\n                    <\/div>\n                  <\/div>\n                <\/div>\n              <\/div>\n            <\/div>\n          <\/div>\n        <\/div>\n      <\/div>\n    <\/div>\n  <\/div>\n<\/div>","protected":false},"excerpt":{"rendered":"<p>Projektjeink A PEIK Zrt. GINOP-1.3.2-15-2018-00036 p\u00e1ly\u00e1zata &#8222;\u00daj Nemzed\u00e9k&#8221; &#8211; A Biotechnol\u00f3gia Innov\u00e1ci\u00f3s B\u00e1zis Klaszter meger\u0151s\u00edt\u00e9se, nemzetk\u00f6zi piaci lehet\u0151s\u00e9geinek meg\u00faj\u00edt\u00e1sa A PEIK Zrt. jelen p\u00e1ly\u00e1zata a klaszter tagv\u00e1llalatai ig\u00e9nyeinek megfelel\u0151en lett kialak\u00edtva, figyelembe v\u00e9ve a GINOP-1.3.2-2015 ki\u00edr\u00e1si felt\u00e9teleit. F\u0151 c\u00e9lkit\u0171z\u00e9s\u00fcnk a nemzetk\u00f6zi l\u00e1that\u00f3s\u00e1g megteremt\u00e9se \u00e9s er\u0151sebb piaci jelenl\u00e9t biztos\u00edt\u00e1sa a tagv\u00e1llalatok r\u00e9sz\u00e9re. Meghat\u00e1roz\u00f3 szempont volt a [&hellip;]<\/p>","protected":false},"author":1,"featured_media":0,"parent":0,"menu_order":0,"comment_status":"closed","ping_status":"closed","template":"page-templates\/full-width-page.php","meta":[],"_links":{"self":[{"href":"https:\/\/peik.hu\/en\/wp-json\/wp\/v2\/pages\/377"}],"collection":[{"href":"https:\/\/peik.hu\/en\/wp-json\/wp\/v2\/pages"}],"about":[{"href":"https:\/\/peik.hu\/en\/wp-json\/wp\/v2\/types\/page"}],"author":[{"embeddable":true,"href":"https:\/\/peik.hu\/en\/wp-json\/wp\/v2\/users\/1"}],"replies":[{"embeddable":true,"href":"https:\/\/peik.hu\/en\/wp-json\/wp\/v2\/comments?post=377"}],"version-history":[{"count":13,"href":"https:\/\/peik.hu\/en\/wp-json\/wp\/v2\/pages\/377\/revisions"}],"predecessor-version":[{"id":1033,"href":"https:\/\/peik.hu\/en\/wp-json\/wp\/v2\/pages\/377\/revisions\/1033"}],"wp:attachment":[{"href":"https:\/\/peik.hu\/en\/wp-json\/wp\/v2\/media?parent=377"}],"curies":[{"name":"wp","href":"https:\/\/api.w.org\/{rel}","templated":true}]}}