{"id":379,"date":"2020-07-22T10:34:40","date_gmt":"2020-07-22T10:34:40","guid":{"rendered":"http:\/\/peik.hu\/demo\/?page_id=379"},"modified":"2020-09-14T14:32:05","modified_gmt":"2020-09-14T14:32:05","slug":"szolgaltatasaink","status":"publish","type":"page","link":"https:\/\/peik.hu\/en\/szolgaltatasaink\/","title":{"rendered":"Services"},"content":{"rendered":"<div data-colibri-id=\"379-c1\" class=\"style-514 style-local-379-c1 position-relative\">\r\n  <!---->\r\n  <div data-colibri-component=\"section\" data-colibri-id=\"379-c2\" id=\"custom\" class=\"h-section h-section-global-spacing d-flex align-items-lg-center align-items-md-center align-items-center style-522 style-local-379-c2 position-relative\">\r\n    <!---->\r\n    <!---->\r\n    <div class=\"h-section-grid-container h-section-boxed-container\">\r\n      <!---->\r\n      <div data-colibri-id=\"379-c3\" class=\"h-row-container gutters-row-lg-2 gutters-row-md-2 gutters-row-0 gutters-row-v-lg-2 gutters-row-v-md-2 gutters-row-v-2 style-525 style-local-379-c3 position-relative\">\r\n        <!---->\r\n        <div class=\"h-row justify-content-lg-center justify-content-md-center justify-content-center align-items-lg-stretch align-items-md-stretch align-items-stretch gutters-col-lg-2 gutters-col-md-2 gutters-col-0 gutters-col-v-lg-2 gutters-col-v-md-2 gutters-col-v-2\">\r\n          <!---->\r\n          <div class=\"h-column h-column-container d-flex h-col-lg-auto h-col-md-auto h-col-auto style-526-outer style-local-379-c4-outer\">\r\n            <div data-colibri-id=\"379-c4\" class=\"d-flex h-flex-basis h-column__inner h-px-lg-2 h-px-md-2 h-px-2 v-inner-lg-2 v-inner-md-2 v-inner-2 style-526 style-local-379-c4 position-relative\">\r\n              <!---->\r\n              <!---->\r\n              <div class=\"w-100 h-y-container h-column__content h-column__v-align flex-basis-100 align-self-lg-start align-self-md-start align-self-start\">\r\n                <!---->\r\n                <div data-colibri-id=\"379-c5\" class=\"h-global-transition-all h-heading style-527 style-local-379-c5 position-relative h-element\">\r\n                  <!---->\r\n                  <div class=\"h-heading__outer style-527 style-local-379-c5\">\r\n                    <!---->\r\n                    <!---->\r\n                    <h1 class=\"\">Services<\/h1>\r\n                  <\/div>\r\n                <\/div>\r\n              <\/div>\r\n            <\/div>\r\n          <\/div>\r\n        <\/div>\r\n      <\/div>\r\n    <\/div>\r\n  <\/div>\r\n  <div data-colibri-component=\"section\" data-colibri-id=\"379-c6\" id=\"overlappable\" class=\"h-section h-section-global-spacing d-flex align-items-lg-center align-items-md-center align-items-center style-515 style-local-379-c6 position-relative\">\r\n    <!---->\r\n    <!---->\r\n    <div class=\"h-section-grid-container h-section-boxed-container\">\r\n      <!---->\r\n      <div data-colibri-id=\"379-c7\" class=\"h-row-container gutters-row-lg-0 gutters-row-md-0 gutters-row-2 gutters-row-v-lg-0 gutters-row-v-md-0 gutters-row-v-2 style-516 style-local-379-c7 position-relative\">\r\n        <!---->\r\n        <div class=\"h-row justify-content-lg-center justify-content-md-center justify-content-center align-items-lg-stretch align-items-md-stretch align-items-stretch gutters-col-lg-0 gutters-col-md-0 gutters-col-2 gutters-col-v-lg-0 gutters-col-v-md-0 gutters-col-v-2\">\r\n          <!---->\r\n          <div class=\"h-column h-column-container d-flex h-col-lg-4 h-col-md-4 h-col-12 style-517-outer style-local-379-c8-outer\">\r\n            <div data-colibri-id=\"379-c8\" class=\"d-flex h-flex-basis h-column__inner h-px-lg-3 h-px-md-3 h-px-2 v-inner-lg-3 v-inner-md-3 v-inner-2 style-517 style-local-379-c8 position-relative\">\r\n              <!---->\r\n              <!---->\r\n              <div class=\"w-100 h-y-container h-column__content h-column__v-align flex-basis-100 align-self-lg-center align-self-md-center align-self-center\">\r\n                <!---->\r\n                <div data-colibri-id=\"379-c9\" class=\"h-icon style-518 style-local-379-c9 position-relative h-element\">\r\n                  <!----><span class=\"h-svg-icon h-icon__icon style-518-icon style-local-379-c9-icon\"><!--Icon by Icons8 Line Awesome (https:\/\/icons8.com\/line-awesome)--><svg version=\"1.1\" xmlns=\"http:\/\/www.w3.org\/2000\/svg\" xmlns:xlink=\"http:\/\/www.w3.org\/1999\/xlink\" id=\"cubes\" viewbox=\"0 0 512 545.5\"><path d=\"M256 96l6 2.5 96 38.5 10 4v107.5l86.5 37.5 9.5 4.5v129l-8 5-96 53.5-7.5 4-7.5-3.5-89-44.5-89 44.5-7.5 3.5-7.5-4-96-53.5-8-5v-129l9.5-4.5 86.5-37.5V141l10-4 96-38.5zm0 35l-52.5 20.5L256 172l52.5-20.5zm-80 44v74l64 28.5v-78zm160 0l-64 24.5v78l64-28.5v-74zM160 277l-58 25 58 29 58-28.5zm192 0l-40 17.5-18 8 58 28.5 58-29zM80 326.5V401l64 36v-78.5zm352 0l-64 32V437l64-36v-74.5zm-192 1l-64 31V438l64-32v-78.5zm32 0V406l64 32v-79.5z\"><\/path><\/svg><\/span><\/div>\r\n                <div\r\n                  data-colibri-id=\"379-c10\" class=\"h-global-transition-all h-heading style-519 style-local-379-c10 position-relative h-element\">\r\n                  <!---->\r\n                  <div class=\"h-heading__outer style-519 style-local-379-c10\">\r\n                    <!---->\r\n                    <!---->\r\n                    <h5 class=\"\">Cluster management<\/h5>\r\n                  <\/div>\r\n              <\/div>\r\n            <\/div>\r\n          <\/div>\r\n        <\/div>\r\n        <div class=\"h-column h-column-container d-flex h-col-lg-4 h-col-md-4 h-col-12 style-517-outer style-local-379-c11-outer\">\r\n          <div data-colibri-id=\"379-c11\" class=\"d-flex h-flex-basis h-column__inner h-px-lg-3 h-px-md-3 h-px-2 v-inner-lg-3 v-inner-md-3 v-inner-2 style-517 style-local-379-c11 position-relative\">\r\n            <!---->\r\n            <!---->\r\n            <div class=\"w-100 h-y-container h-column__content h-column__v-align flex-basis-100 align-self-lg-center align-self-md-center align-self-center\">\r\n              <!---->\r\n              <div data-colibri-id=\"379-c12\" class=\"h-icon style-518 style-local-379-c12 position-relative h-element\">\r\n                <!----><span class=\"h-svg-icon h-icon__icon style-518-icon style-local-379-c12-icon\"><!--Icon by Font Awesome (https:\/\/fontawesome.com)--><svg version=\"1.1\" xmlns=\"http:\/\/www.w3.org\/2000\/svg\" xmlns:xlink=\"http:\/\/www.w3.org\/1999\/xlink\" id=\"line-chart\" viewbox=\"0 0 2048 1896.0833\"><path d=\"M2048 1536v128H0V128h128v1408h1920zM1920 288v435q0 21-19.5 29.5T1865 745l-121-121-633 633q-10 10-23 10t-23-10l-233-233-416 416-192-192 585-585q10-10 23-10t23 10l233 233 464-464-121-121q-16-16-7.5-35.5T1453 256h435q14 0 23 9t9 23z\"><\/path><\/svg><\/span><\/div>\r\n              <div\r\n                data-colibri-id=\"379-c13\" class=\"h-global-transition-all h-heading style-519 style-local-379-c13 position-relative h-element\">\r\n                <!---->\r\n                <div class=\"h-heading__outer style-519 style-local-379-c13\">\r\n                  <!---->\r\n                  <!---->\r\n                  <h5 class=\"\">Corporate incubation for start-up companies<\/h5>\r\n                <\/div>\r\n            <\/div>\r\n          <\/div>\r\n        <\/div>\r\n      <\/div>\r\n      <div class=\"h-column h-column-container d-flex h-col-lg-4 h-col-md-4 h-col-12 style-517-outer style-local-379-c14-outer\">\r\n        <div data-colibri-id=\"379-c14\" class=\"d-flex h-flex-basis h-column__inner h-px-lg-3 h-px-md-3 h-px-2 v-inner-lg-3 v-inner-md-3 v-inner-2 style-517 style-local-379-c14 position-relative\">\r\n          <!---->\r\n          <!---->\r\n          <div class=\"w-100 h-y-container h-column__content h-column__v-align flex-basis-100 align-self-lg-center align-self-md-center align-self-center\">\r\n            <!---->\r\n            <div data-colibri-id=\"379-c15\" class=\"h-icon style-518 style-local-379-c15 position-relative h-element\">\r\n              <!----><span class=\"h-svg-icon h-icon__icon style-518-icon style-local-379-c15-icon\"><!--Icon by Font Awesome (https:\/\/fontawesome.com)--><svg version=\"1.1\" xmlns=\"http:\/\/www.w3.org\/2000\/svg\" xmlns:xlink=\"http:\/\/www.w3.org\/1999\/xlink\" id=\"flask\" viewbox=\"0 0 1664 1896.0833\"><path d=\"M1527 1448q56 89 21.5 152.5T1408 1664H256q-106 0-140.5-63.5T137 1448l503-793V256h-64q-26 0-45-19t-19-45 19-45 45-19h512q26 0 45 19t19 45-19 45-45 19h-64v399zM748 723l-272 429h712L916 723l-20-31V256H768v436z\"><\/path><\/svg><\/span><\/div>\r\n            <div\r\n              data-colibri-id=\"379-c16\" class=\"h-global-transition-all h-heading style-519 style-local-379-c16 position-relative h-element\">\r\n              <!---->\r\n              <div class=\"h-heading__outer style-519 style-local-379-c16\">\r\n                <!---->\r\n                <!---->\r\n                <h5 class=\"\">R &amp; D and product development<\/h5>\r\n              <\/div>\r\n          <\/div>\r\n        <\/div>\r\n      <\/div>\r\n    <\/div>\r\n  <\/div>\r\n<\/div>\r\n<\/div>\r\n<\/div>\r\n<div data-colibri-component=\"section\" data-colibri-id=\"379-c17\" id=\"content\" class=\"h-section h-section-global-spacing d-flex align-items-lg-center align-items-md-center align-items-center style-534 style-local-379-c17 position-relative\">\r\n  <!---->\r\n  <!---->\r\n  <div class=\"h-section-grid-container h-section-fluid-container\">\r\n    <!---->\r\n    <div data-colibri-id=\"379-c18\" class=\"h-row-container gutters-row-lg-0 gutters-row-md-0 gutters-row-2 gutters-row-v-lg-0 gutters-row-v-md-0 gutters-row-v-2 style-535 style-local-379-c18 position-relative\">\r\n      <!---->\r\n      <div class=\"h-row justify-content-lg-center justify-content-md-center justify-content-center align-items-lg-stretch align-items-md-stretch align-items-stretch gutters-col-lg-0 gutters-col-md-0 gutters-col-2 gutters-col-v-lg-0 gutters-col-v-md-0 gutters-col-v-2\">\r\n        <!---->\r\n        <div class=\"h-column h-column-container d-flex h-col-lg-auto h-col-md-auto h-col-auto style-536-outer style-local-379-c19-outer\">\r\n          <div data-colibri-id=\"379-c19\" class=\"d-flex h-flex-basis h-column__inner h-px-lg-0 h-px-md-0 h-px-0 v-inner-lg-0 v-inner-md-0 v-inner-0 style-536 style-local-379-c19 position-relative\">\r\n            <!---->\r\n            <!---->\r\n            <div class=\"w-100 h-y-container h-column__content h-column__v-align flex-basis-100 align-self-lg-start align-self-md-start align-self-start\">\r\n              <!---->\r\n              <div data-colibri-id=\"379-c20\" class=\"h-global-transition-all h-heading style-538 style-local-379-c20 position-relative h-element\">\r\n                <!---->\r\n                <div class=\"h-heading__outer style-538 style-local-379-c20\">\r\n                  <!---->\r\n                  <!---->\r\n                  <h2 class=\"\">Cluster management<\/h2>\r\n                <\/div>\r\n              <\/div>\r\n              <div data-colibri-id=\"379-c21\" class=\"h-text h-text-component style-539 style-local-379-c21 position-relative h-element\">\r\n                <!---->\r\n                <!---->\r\n                <div class=\"\">\r\n                  <p><span style=\"font-size: 12pt;\">P\u00e9cs Health Industry Innovation Center Ltd. (PEIK) cluster management services<\/span><\/p>\r\n                <\/div>\r\n              <\/div>\r\n              <div data-colibri-id=\"379-c22\" class=\"h-text h-text-component style-586 style-local-379-c22 position-relative h-element\">\r\n                <!---->\r\n                <!---->\r\n                <div class=\"\">\r\n                  <ol>\r\n                    <li><span style=\"font-size: 12pt;\">Partnership strengthening between cluster members<\/span>\r\n                      <br>\r\n                      <br>\r\n                    <\/li>\r\n                    <li><span style=\"font-size: 12pt;\"> Joint product and technology development<\/span>\r\n                      <br>\r\n                      <br>\r\n                    <\/li>\r\n                    <li><span style=\"font-size: 12pt;\">Encourage cluster collaborations<\/span>\r\n                      <br>\r\n                      <br>\r\n                    <\/li>\r\n                    <li><span style=\"font-size: 12pt;\">Search for Partners<\/span>\r\n                      <br>\r\n                      <br>\r\n                    <\/li>\r\n                    <li><span style=\"font-size: 12pt;\">R &amp; D &amp; I activity<\/span>\r\n                      <br>\r\n                      <br>\r\n                    <\/li>\r\n                    <li><span style=\"font-size: 12pt;\">Project generation<\/span>\r\n                      <br>\r\n                      <br>\r\n                    <\/li>\r\n                    <li><span style=\"font-size: 12pt;\">Benchmarking activity<\/span>\r\n                      <br>\r\n                      <br>\r\n                    <\/li>\r\n                    <li><span style=\"font-size: 12pt;\">Creating cluster strategies<\/span>\r\n                      <br>\r\n                      <br>\r\n                    <\/li>\r\n                    <li><span style=\"font-size: 12pt;\">Needs assessment and satisfaction measurement<\/span>\r\n                      <br>\r\n                      <br>\r\n                    <\/li>\r\n                    <li><span style=\"font-size: 12pt;\">Participation and joint representation in events, exhibitions<\/span>\r\n                      <br>\r\n                      <br>\r\n                    <\/li>\r\n                    <li><span style=\"font-size: 12pt;\">Online cluster appearance<\/span>\r\n                      <br>\r\n                      <br>\r\n                    <\/li>\r\n                    <li><span style=\"font-size: 12pt;\">Tender monitoring, application writing, project management<\/span>\r\n                      <br>\r\n                      <br>\r\n                    <\/li>\r\n                    <li><span style=\"font-size: 12pt;\">Organization of lectures, courses, trainings<\/span><\/li>\r\n                  <\/ol>\r\n                <\/div>\r\n              <\/div>\r\n            <\/div>\r\n          <\/div>\r\n        <\/div>\r\n        <div class=\"h-column h-column-container d-flex h-col-lg-auto h-col-md-auto h-col-auto style-544-outer style-local-379-c23-outer\">\r\n          <div data-colibri-id=\"379-c23\" class=\"d-flex h-flex-basis h-column__inner h-ui-empty-state-container h-px-lg-0 h-px-md-0 h-px-0 v-inner-lg-0 v-inner-md-0 v-inner-0 style-544 style-local-379-c23 position-relative\">\r\n            <!---->\r\n            <!---->\r\n            <div class=\"w-100 h-y-container h-column__content h-column__v-align flex-basis-100\">\r\n              <!---->\r\n            <\/div>\r\n          <\/div>\r\n        <\/div>\r\n      <\/div>\r\n    <\/div>\r\n  <\/div>\r\n<\/div>\r\n<div data-colibri-component=\"section\" data-colibri-id=\"379-c24\" id=\"content-2\" class=\"h-section h-section-global-spacing d-flex align-items-lg-center align-items-md-center align-items-center style-554 style-local-379-c24 h-overflow-hidden position-relative\">\r\n  <!---->\r\n  <!---->\r\n  <div class=\"h-section-grid-container h-section-fluid-container\">\r\n    <!---->\r\n    <div data-colibri-id=\"379-c25\" class=\"h-row-container gutters-row-lg-0 gutters-row-md-0 gutters-row-2 gutters-row-v-lg-0 gutters-row-v-md-0 gutters-row-v-2 style-555 style-local-379-c25 position-relative\">\r\n      <!---->\r\n      <div class=\"h-row justify-content-lg-center justify-content-md-center justify-content-center align-items-lg-stretch align-items-md-stretch align-items-stretch gutters-col-lg-0 gutters-col-md-0 gutters-col-2 gutters-col-v-lg-0 gutters-col-v-md-0 gutters-col-v-2\">\r\n        <!---->\r\n        <div class=\"h-column h-column-container d-flex h-col-lg-auto h-col-md-auto h-col-auto style-556-outer style-local-379-c26-outer\">\r\n          <div data-colibri-id=\"379-c26\" class=\"d-flex h-flex-basis h-column__inner h-ui-empty-state-container h-px-lg-0 h-px-md-0 h-px-0 v-inner-lg-0 v-inner-md-0 v-inner-0 style-556 style-local-379-c26 position-relative\">\r\n            <!---->\r\n            <!---->\r\n            <div class=\"w-100 h-y-container h-column__content h-column__v-align flex-basis-100\">\r\n              <!---->\r\n            <\/div>\r\n          <\/div>\r\n        <\/div>\r\n        <div class=\"h-column h-column-container d-flex h-col-lg-auto h-col-md-auto h-col-auto style-557-outer style-local-379-c27-outer\">\r\n          <div data-colibri-id=\"379-c27\" class=\"d-flex h-flex-basis h-column__inner h-px-lg-0 h-px-md-0 h-px-0 v-inner-lg-0 v-inner-md-0 v-inner-0 style-557 style-local-379-c27 position-relative\">\r\n            <!---->\r\n            <!---->\r\n            <div class=\"w-100 h-y-container h-column__content h-column__v-align flex-basis-100 align-self-lg-start align-self-md-start align-self-start\">\r\n              <!---->\r\n              <div data-colibri-id=\"379-c28\" class=\"h-global-transition-all h-heading style-559 style-local-379-c28 position-relative h-element\">\r\n                <!---->\r\n                <div class=\"h-heading__outer style-559 style-local-379-c28\">\r\n                  <!---->\r\n                  <!---->\r\n                  <h2 class=\"\">Corporate incubation for start-up companies<\/h2>\r\n                <\/div>\r\n              <\/div>\r\n              <div data-colibri-id=\"379-c29\" class=\"h-text h-text-component style-560 style-local-379-c29 position-relative h-element\">\r\n                <!---->\r\n                <!---->\r\n                <div class=\"\">\r\n                  <p><span style=\"font-size: 12pt;\">Corporate incubation for start-up companies from idea to implementation<\/span><\/p>\r\n                <\/div>\r\n              <\/div>\r\n              <div data-colibri-id=\"379-c30\" class=\"h-text h-text-component style-585 style-local-379-c30 position-relative h-element\">\r\n                <!---->\r\n                <!---->\r\n                <div class=\"\">\r\n                  <ol>\r\n                    <li><span style=\"font-size: 12pt;\">Patent attorney services, legal and Industrial rights consulting for the protection of intellectual property<\/span>\r\n                      <br>\r\n                      <br>\r\n                    <\/li>\r\n                    <li><span style=\"font-size: 12pt;\">Legal advice on legal issues arising during incubation<\/span>\r\n                      <br>\r\n                      <br>\r\n                    <\/li>\r\n                    <li><span style=\"font-size: 12pt;\"> Project management<\/span>\r\n                      <br>\r\n                      <br>\r\n                    <\/li>\r\n                    <li><span style=\"font-size: 12pt;\"> Business management service, PR, HR, IT, marketing, design, quality assurance<\/span>\r\n                      <br>\r\n                      <br>\r\n                    <\/li>\r\n                    <li><span style=\"font-size: 12pt;\"> Business management, interim management, leadership services<\/span>\r\n                      <br>\r\n                      <br>\r\n                    <\/li>\r\n                    <li><span style=\"font-size: 12pt;\"> Accounting, auditing, payroll and tax expert services<\/span>\r\n                      <br>\r\n                      <br>\r\n                    <\/li>\r\n                    <li><span style=\"font-size: 12pt;\"> Strategic, planning, analysis services (feasibility, business plan, market analysis, economic analysis, etc.)<\/span>\r\n                      <br>\r\n                      <br>\r\n                    <\/li>\r\n                    <li><span style=\"font-size: 12pt;\"> Investment and financial consulting (preparing companies to receive capital)<\/span>\r\n                      <br>\r\n                      <br>\r\n                    <\/li>\r\n                    <li><span style=\"font-size: 12pt;\"> Administrative, additional services<\/span><\/li>\r\n                  <\/ol>\r\n                <\/div>\r\n              <\/div>\r\n            <\/div>\r\n          <\/div>\r\n        <\/div>\r\n      <\/div>\r\n    <\/div>\r\n  <\/div>\r\n<\/div>\r\n<div data-colibri-component=\"section\" data-colibri-id=\"379-c31\" id=\"content-3\" class=\"h-section h-section-global-spacing d-flex align-items-lg-center align-items-md-center align-items-center style-565 style-local-379-c31 position-relative\">\r\n  <!---->\r\n  <!---->\r\n  <div class=\"h-section-grid-container h-section-fluid-container\">\r\n    <!---->\r\n    <div data-colibri-id=\"379-c32\" class=\"h-row-container gutters-row-lg-0 gutters-row-md-0 gutters-row-2 gutters-row-v-lg-0 gutters-row-v-md-0 gutters-row-v-2 style-566 style-local-379-c32 position-relative\">\r\n      <!---->\r\n      <div class=\"h-row justify-content-lg-center justify-content-md-center justify-content-center align-items-lg-stretch align-items-md-stretch align-items-stretch gutters-col-lg-0 gutters-col-md-0 gutters-col-2 gutters-col-v-lg-0 gutters-col-v-md-0 gutters-col-v-2\">\r\n        <!---->\r\n        <div class=\"h-column h-column-container d-flex h-col-lg-auto h-col-md-auto h-col-auto style-567-outer style-local-379-c33-outer\">\r\n          <div data-colibri-id=\"379-c33\" class=\"d-flex h-flex-basis h-column__inner h-px-lg-0 h-px-md-0 h-px-0 v-inner-lg-0 v-inner-md-0 v-inner-0 style-567 style-local-379-c33 position-relative\">\r\n            <!---->\r\n            <!---->\r\n            <div class=\"w-100 h-y-container h-column__content h-column__v-align flex-basis-100 align-self-lg-start align-self-md-start align-self-start\">\r\n              <!---->\r\n              <div data-colibri-id=\"379-c34\" class=\"h-global-transition-all h-heading style-569 style-local-379-c34 position-relative h-element\">\r\n                <!---->\r\n                <div class=\"h-heading__outer style-569 style-local-379-c34\">\r\n                  <!---->\r\n                  <!---->\r\n                  <h2 class=\"\">R &amp; D and product development<\/h2>\r\n                <\/div>\r\n              <\/div>\r\n              <div data-colibri-id=\"379-c35\" class=\"h-text h-text-component style-570 style-local-379-c35 position-relative h-element\">\r\n                <!---->\r\n                <!---->\r\n                <div class=\"\">\r\n                  <p><span style=\"font-size: 12pt;\">P\u00e9cs Health Industry Innovation Center Ltd. (PEIK) R&amp;D and product development services<\/span><\/p>\r\n                <\/div>\r\n              <\/div>\r\n              <div data-colibri-id=\"379-c36\" class=\"h-text h-text-component style-587 style-local-379-c36 position-relative h-element\">\r\n                <!---->\r\n                <!---->\r\n                <div class=\"\">\r\n                  <ol>\r\n                    <li><span style=\"font-size: 12pt;\">Development, production, quantitative production and independent quality assessment of monoclonal antibodies<\/span>\r\n                      <br>\r\n                      <br>\r\n                    <\/li>\r\n                    <li><span style=\"font-size: 12pt;\">Production of antibody-based immunological reagents for immunomorphological and immunoserological purposes under quality-assured manufacturing conditions<\/span>\r\n                      <br>\r\n                      <br>\r\n                    <\/li>\r\n                    <li><span style=\"font-size: 12pt;\">Production of immunological reagents for research and laboratory diagnostic purposes in the form of a complex kit and for placing on the market as a quality-assured product<\/span>\r\n                      <br>\r\n                      <br>\r\n                    <\/li>\r\n                    <li><span style=\"font-size: 12pt;\">Development of rapid tests for laboratory and home use for the detection of components in biological samples (blood serum, urine, in vitro culture supernatant)<\/span><\/li>\r\n                  <\/ol>\r\n                <\/div>\r\n              <\/div>\r\n            <\/div>\r\n          <\/div>\r\n        <\/div>\r\n        <div class=\"h-column h-column-container d-flex h-col-lg-auto h-col-md-auto h-col-auto style-575-outer style-local-379-c37-outer\">\r\n          <div data-colibri-id=\"379-c37\" class=\"d-flex h-flex-basis h-column__inner h-ui-empty-state-container h-px-lg-0 h-px-md-0 h-px-0 v-inner-lg-0 v-inner-md-0 v-inner-0 style-575 style-local-379-c37 position-relative\">\r\n            <!---->\r\n            <!---->\r\n            <div class=\"w-100 h-y-container h-column__content h-column__v-align flex-basis-100\">\r\n              <!---->\r\n            <\/div>\r\n          <\/div>\r\n        <\/div>\r\n      <\/div>\r\n    <\/div>\r\n  <\/div>\r\n<\/div>\r\n<\/div>","protected":false},"excerpt":{"rendered":"<p>Szolg\u00e1ltat\u00e1saink Klasztermenedzsment V\u00e1llalati inkub\u00e1ci\u00f3 start-up c\u00e9gek sz\u00e1m\u00e1ra K+F \u00e9s term\u00e9kfejleszt\u00e9s Klasztermenedzsment A P\u00e9csi Eg\u00e9szs\u00e9gipari Innov\u00e1ci\u00f3s K\u00f6zpont Zrt. \u00e1ltal v\u00e1llalt klasztermenedzsment szolg\u00e1ltat\u00e1sok Klasztertagok k\u00f6z\u00f6tti partners\u00e9g er\u0151s\u00edt\u00e9se K\u00f6z\u00f6s term\u00e9k- \u00e9s technol\u00f3giafejleszt\u00e9s Klaszter egy\u00fcttm\u0171k\u00f6d\u00e9sek \u00f6szt\u00f6nz\u00e9se Partnerkeres\u00e9s K+F+I tev\u00e9kenys\u00e9g Projektgener\u00e1l\u00e1s Benchmarking tev\u00e9kenys\u00e9g Klaszterstrat\u00e9gia k\u00e9sz\u00edt\u00e9se Ig\u00e9nyfelm\u00e9r\u00e9s \u00e9s el\u00e9gedetts\u00e9gm\u00e9r\u00e9s Rendezv\u00e9nyeken, ki\u00e1ll\u00edt\u00e1sokon val\u00f3 k\u00f6z\u00f6s r\u00e9szv\u00e9tel, k\u00e9pviselet Online klaszter megjelen\u00e9s P\u00e1ly\u00e1zatfigyel\u00e9s, p\u00e1ly\u00e1zat\u00edr\u00e1s, projektmenedzsment [&hellip;]<\/p>","protected":false},"author":1,"featured_media":0,"parent":0,"menu_order":0,"comment_status":"closed","ping_status":"closed","template":"page-templates\/full-width-page.php","meta":[],"_links":{"self":[{"href":"https:\/\/peik.hu\/en\/wp-json\/wp\/v2\/pages\/379"}],"collection":[{"href":"https:\/\/peik.hu\/en\/wp-json\/wp\/v2\/pages"}],"about":[{"href":"https:\/\/peik.hu\/en\/wp-json\/wp\/v2\/types\/page"}],"author":[{"embeddable":true,"href":"https:\/\/peik.hu\/en\/wp-json\/wp\/v2\/users\/1"}],"replies":[{"embeddable":true,"href":"https:\/\/peik.hu\/en\/wp-json\/wp\/v2\/comments?post=379"}],"version-history":[{"count":3,"href":"https:\/\/peik.hu\/en\/wp-json\/wp\/v2\/pages\/379\/revisions"}],"predecessor-version":[{"id":774,"href":"https:\/\/peik.hu\/en\/wp-json\/wp\/v2\/pages\/379\/revisions\/774"}],"wp:attachment":[{"href":"https:\/\/peik.hu\/en\/wp-json\/wp\/v2\/media?parent=379"}],"curies":[{"name":"wp","href":"https:\/\/api.w.org\/{rel}","templated":true}]}}